{"id":2,"date":"2024-01-05T16:10:10","date_gmt":"2024-01-05T15:10:10","guid":{"rendered":"https:\/\/drei-gliederung.de\/?page_id=2"},"modified":"2025-07-30T09:45:34","modified_gmt":"2025-07-30T07:45:34","slug":"impressum","status":"publish","type":"page","link":"https:\/\/drei-gliederung.de\/index.php\/impressum\/","title":{"rendered":"Impressum"},"content":{"rendered":"\n<p><\/p>\n\n\n\n<p>Der \u00bbRundbrief f\u00fcr Soziale Dreigliederung\u00ab ist eine Publikation mit Beitr\u00e4gen zur \u00bbDreigliederung des Sozialen Organismus\u00ab. Der Rundbrief wird auf Wunsch per E-Mail versendet und hier im Archiv zum Herunterladen bereitgestellt.<\/p>\n<p>Wer unsere Rundbriefe beim Erscheinen als Zusendung per E-Mail erhalten m\u00f6chte, kann sich in unseren E-Mail-Verteiler aufnehmen lassen. Senden Sie hierzu bitte eine E-Mail-Nachricht an rundbrief@3gliederung.de mit dem Betreff \u00bbAnmeldung Rundbrief\u00ab.<\/p>\n<p>Gleiches gilt fu\u0308r den gegenteiligen Fall mit dem Betreff \u00bbAbmeldung Rundbrief\u00ab.<\/p>\n\n\n\n<p>Mitwirkung in der Redaktion* sowie Satz und Versand: Richard Smidt<br>Verantwortlich im Sinne des Presserechts: Richard Smidt, Kirchstr. 7a, 67360 Lingenfeld, Deutschland, Telefon +49 172 6505 645, E-Mail-Adresse rundbrief@3gliederung.de<br>Die Verantwortung fu\u0308r den Inhalt der Beitr\u00e4ge tragen die Autoren; sie sind nicht als Meinungs\u00e4u\u00dferungen der Redaktion anzusehen.<br>Bei Leserbriefen und Gastbeitr\u00e4gen behalten wir uns Auswahl und Ku\u0308rzung vor. Fu\u0308r unverlangt eingesandte Manuskripte u\u0308bernehmen wir keine Gew\u00e4hr.<br>Erscheinungsweise alle ein bis zwei Monate \u2013 Verbreitung u\u0308ber E-Mail-Verteiler \u2013 Weiterleitung als vollst\u00e4ndiger Rundbrief an Interessierte erwu\u0308nscht. Die Rundbrief-Erstellung erfolgt ehrenamtlich; die Pdf-Dateien sind kostenlos erh\u00e4ltlich.<\/p>\n\n\n\n<p>Der Rundbrief sowie alle in ihm enthaltenen einzelnen Beitr\u00e4ge und Abbildungen sind urheberrechtlich geschu\u0308tzt. Jede Verwertung, die nicht ausdru\u0308cklich vom Urheberrechtsgesetz zugelassen ist, bedarf der vorherigen Zustimmung der Autorin \/ des Autors und der Redaktion.<br>* Zum Redaktionsteam geh\u00f6ren:<br>Germar Wetzler<br>Gryf Bailer<br>Karin Ghion-Hamadu<br>Nicholas Dodwell<br>Richard Smidt<\/p>\n\n\n\n<p>Haftungshinweis:<br>Unsere Ver\u00f6ffentlichungen haben wir sorgf\u00e4ltig bearbeitet. Dennoch \u00fcbernehmen wir f\u00fcr den Inhalt keine Haftung. Insbesondere haften wir nicht f\u00fcr die Inhalte externer Websites, auf die diese Website direkt oder indirekt verweist. Der Inhalt dieser Website ist urheberrechtlich gesch\u00fctzt.<\/p>\n\n\n\n<p><\/p>\n","protected":false},"excerpt":{"rendered":"<p>Der \u00bbRundbrief f\u00fcr Soziale Dreigliederung\u00ab ist eine Publikation mit Beitr\u00e4gen zur \u00bbDreigliederung des Sozialen Organismus\u00ab. Der Rundbrief wird auf Wunsch per E-Mail versendet und hier im Archiv zum Herunterladen bereitgestellt. Wer unsere Rundbriefe beim Erscheinen als Zusendung per E-Mail erhalten &hellip;<\/p>\n<p class=\"read-more\"> <a class=\"more-link\" href=\"https:\/\/drei-gliederung.de\/index.php\/impressum\/\"> <span class=\"screen-reader-text\">Impressum<\/span> Read More &raquo;<\/a><\/p>\n","protected":false},"author":1,"featured_media":0,"parent":0,"menu_order":0,"comment_status":"closed","ping_status":"closed","template":"","meta":{"footnotes":""},"class_list":["post-2","page","type-page","status-publish","hentry"],"_links":{"self":[{"href":"https:\/\/drei-gliederung.de\/index.php\/wp-json\/wp\/v2\/pages\/2","targetHints":{"allow":["GET"]}}],"collection":[{"href":"https:\/\/drei-gliederung.de\/index.php\/wp-json\/wp\/v2\/pages"}],"about":[{"href":"https:\/\/drei-gliederung.de\/index.php\/wp-json\/wp\/v2\/types\/page"}],"author":[{"embeddable":true,"href":"https:\/\/drei-gliederung.de\/index.php\/wp-json\/wp\/v2\/users\/1"}],"replies":[{"embeddable":true,"href":"https:\/\/drei-gliederung.de\/index.php\/wp-json\/wp\/v2\/comments?post=2"}],"version-history":[{"count":8,"href":"https:\/\/drei-gliederung.de\/index.php\/wp-json\/wp\/v2\/pages\/2\/revisions"}],"predecessor-version":[{"id":307,"href":"https:\/\/drei-gliederung.de\/index.php\/wp-json\/wp\/v2\/pages\/2\/revisions\/307"}],"wp:attachment":[{"href":"https:\/\/drei-gliederung.de\/index.php\/wp-json\/wp\/v2\/media?parent=2"}],"curies":[{"name":"wp","href":"https:\/\/api.w.org\/{rel}","templated":true}]}}